{"id":34,"date":"2016-12-28T04:51:33","date_gmt":"2016-12-28T04:51:33","guid":{"rendered":"https:\/\/ruizdelhoyoabogado.com\/home\/"},"modified":"2025-10-30T19:42:49","modified_gmt":"2025-10-31T01:42:49","slug":"home","status":"publish","type":"page","link":"https:\/\/ruizdelhoyoabogado.com\/en\/","title":{"rendered":"Home"},"content":{"rendered":"<!--themify_builder_content-->\n<div id=\"themify_builder_content-34\" data-postid=\"34\" class=\"themify_builder_content themify_builder_content-34 themify_builder tf_clear\">\n                    <div  data-css_id=\"lm6r973\" data-lazy=\"1\" class=\"module_row themify_builder_row fullheight fullwidth_row_container tb_lm6r973 tb_first tf_w wow\" data-tf-animation=\"fadeIn\">\n            <span class=\"builder_row_cover tf_abs\"><\/span>            <div class=\"row_inner col_align_top tb_col_count_1 tf_box tf_rel\">\n                        <div  data-lazy=\"1\" class=\"module_column tb-column col-full tb_938d978 first\">\n                    <!-- module text -->\n<div  class=\"module module-text tb_6sra979    wow\" data-tf-animation=\"fadeInUp\" data-lazy=\"1\">\n        <div  class=\"tb_text_wrap\">\n        <h2 style=\"text-align: center;\"><span dir=\"auto\" style=\"vertical-align: inherit;\"><span class=\"\" dir=\"auto\" style=\"vertical-align: inherit;\">Specialized lawyer in foreign investment and real estate law in Mexico<\/span><\/span><\/h2>    <\/div>\n<\/div>\n<!-- \/module text --><!-- module buttons -->\n<div  class=\"module module-buttons tb_571k980 buttons-horizontal solid  xlarge wow\" data-tf-animation=\"fadeInLeft\" data-lazy=\"1\">\n        <div class=\"module-buttons-item tf_in_flx\">\n                        <a href=\"http:\/\/ALVARO@RUIZDELHOYOABOGADO.COM\" class=\"ui builder_button tf_in_flx blue\" >\n                                                Contact me                                        <\/a>\n                <\/div>\n            <\/div>\n<!-- \/module buttons -->\n        <\/div>\n                        <\/div>\n        <\/div>\n                        <div  data-lazy=\"1\" class=\"module_row themify_builder_row tb_n6y3973 tf_w\">\n                        <div class=\"row_inner col_align_top tb_col_count_1 tf_box tf_rel\">\n                        <div  data-lazy=\"1\" class=\"module_column tb-column col-full tb_62dp985 first\">\n                    <!-- module text -->\n<div  class=\"module module-text tb_vg41986    wow\" data-tf-animation=\"fadeInUp\" data-lazy=\"1\">\n        <div  class=\"tb_text_wrap\">\n        <h2>My services<\/h2>    <\/div>\n<\/div>\n<!-- \/module text -->        <div  data-lazy=\"1\" class=\"module_subrow themify_builder_sub_row tf_w col_align_top tb_col_count_3 tb_bsyz986\">\n                <div  data-lazy=\"1\" class=\"module_column sub_column col3-1 tb_5bn2989 first\">\n                    <!-- module image -->\n<div  class=\"module module-image tb_wmm4853 image-center   tf_mw wow\" data-tf-animation=\"fadeInRight\" data-lazy=\"1\">\n        <div class=\"image-wrap tf_rel tf_mw\">\n            <img data-recalc-dims=\"1\" loading=\"lazy\" decoding=\"async\" src=\"https:\/\/i0.wp.com\/ruizdelhoyoabogado.com\/wp-content\/uploads\/2025\/06\/will-icon.png?resize=60%2C62&#038;ssl=1\" width=\"60\" height=\"62\" class=\"wp-post-image wp-image-104\" title=\"Foreign Investment.\" alt=\"Inversi\u00f3n extranjera.\" srcset=\"https:\/\/i0.wp.com\/ruizdelhoyoabogado.com\/wp-content\/uploads\/2025\/06\/will-icon.png?resize=60%2C62&amp;ssl=1 60w, https:\/\/i0.wp.com\/ruizdelhoyoabogado.com\/wp-content\/uploads\/2025\/06\/will-icon.png?w=68&amp;ssl=1 68w\" sizes=\"auto, (max-width: 60px) 100vw, 60px\" \/>    \n        <\/div>\n    <!-- \/image-wrap -->\n    \n        <div class=\"image-content\">\n                    <h3 class=\"image-title\">\n                                    Foreign Investment.                            <\/h3>\n                    <\/div>\n    <!-- \/image-content -->\n        <\/div>\n<!-- \/module image -->        <\/div>\n                    <div  data-lazy=\"1\" class=\"module_column sub_column col3-1 tb_xwyv990\">\n                    <!-- module image -->\n<div  class=\"module module-image tb_ukh1891 image-center   tf_mw wow\" data-tf-animation=\"fadeInRight\" data-lazy=\"1\">\n        <div class=\"image-wrap tf_rel tf_mw\">\n            <img data-recalc-dims=\"1\" loading=\"lazy\" decoding=\"async\" src=\"Real Estate\" width=\"60\" height=\"69\" class=\"wp-post-image wp-image-109\" title=\"Real Estate.\" alt=\"Inmobiliario\" srcset=\"\" sizes=\"auto, (max-width: 60px) 100vw, 60px\" data-srcset=\"\" \/>    \n        <\/div>\n    <!-- \/image-wrap -->\n    \n        <div class=\"image-content\">\n                    <h3 class=\"image-title\">\n                                    Real Estate.                            <\/h3>\n                    <\/div>\n    <!-- \/image-content -->\n        <\/div>\n<!-- \/module image -->        <\/div>\n                    <div  data-lazy=\"1\" class=\"module_column sub_column col3-1 tb_8gtp993 last\">\n                    <!-- module image -->\n<div  class=\"module module-image tb_ovaa990 image-center   tf_mw wow\" data-tf-animation=\"fadeInLeft\" data-lazy=\"1\">\n        <div class=\"image-wrap tf_rel tf_mw\">\n            <img data-recalc-dims=\"1\" loading=\"lazy\" decoding=\"async\" src=\"https:\/\/i0.wp.com\/ruizdelhoyoabogado.com\/wp-content\/uploads\/2025\/06\/corporate-1.png?resize=60%2C71&#038;ssl=1\" width=\"60\" height=\"71\" class=\"wp-post-image wp-image-105\" title=\"Contracts\" alt=\"Contratos\">    \n        <\/div>\n    <!-- \/image-wrap -->\n    \n        <div class=\"image-content\">\n                    <h3 class=\"image-title\">\n                                    Contracts                            <\/h3>\n                    <\/div>\n    <!-- \/image-content -->\n        <\/div>\n<!-- \/module image -->        <\/div>\n                    <\/div>\n                <\/div>\n                        <\/div>\n        <\/div>\n                        <div  data-lazy=\"1\" class=\"module_row themify_builder_row lawyers-section tb_a2jd973 tf_w\">\n                        <div class=\"row_inner col_align_top tb_col_count_1 tf_box tf_rel\">\n                        <div  data-lazy=\"1\" class=\"module_column tb-column col-full tb_tyb13 first\">\n                    <!-- module text -->\n<div  class=\"module module-text tb_3scz4    wow\" data-tf-animation=\"fadeInUp\" data-lazy=\"1\">\n        <div  class=\"tb_text_wrap\">\n        <h2>The Lawyer\u00a0<\/h2>    <\/div>\n<\/div>\n<!-- \/module text -->        <div  data-lazy=\"1\" class=\"module_subrow themify_builder_sub_row tf_w col_align_bottom tb_col_count_3 tb_zow34\">\n                <div  data-lazy=\"1\" class=\"module_column sub_column col3-1 tb_tgts6 first\">\n                    <!-- module image -->\n<div  class=\"module module-image tb_4mk8486 image-center   tf_mw wow\" data-tf-animation=\"fadeInUp\" data-lazy=\"1\">\n        <div class=\"image-wrap tf_rel tf_mw\">\n            <img data-recalc-dims=\"1\" loading=\"lazy\" decoding=\"async\" src=\"https:\/\/i0.wp.com\/ruizdelhoyoabogado.com\/wp-content\/uploads\/2025\/07\/WhatsApp-Image-2023-09-14-at-6.35.24-PM-12.jpeg?resize=344%2C386&#038;ssl=1\" width=\"344\" height=\"386\" class=\"wp-post-image wp-image-193\" title=\"WhatsApp Image 2023-09-14 at 6.35.24 PM (12)\" alt=\"WhatsApp Image 2023-09-14 at 6.35.24 PM (12)\" srcset=\"https:\/\/i0.wp.com\/ruizdelhoyoabogado.com\/wp-content\/uploads\/2025\/07\/WhatsApp-Image-2023-09-14-at-6.35.24-PM-12.jpeg?resize=344%2C386&amp;ssl=1 344w, https:\/\/i0.wp.com\/ruizdelhoyoabogado.com\/wp-content\/uploads\/2025\/07\/WhatsApp-Image-2023-09-14-at-6.35.24-PM-12.jpeg?resize=267%2C300&amp;ssl=1 267w, https:\/\/i0.wp.com\/ruizdelhoyoabogado.com\/wp-content\/uploads\/2025\/07\/WhatsApp-Image-2023-09-14-at-6.35.24-PM-12.jpeg?w=381&amp;ssl=1 381w\" sizes=\"auto, (max-width: 344px) 100vw, 344px\" \/>    \n        <\/div>\n    <!-- \/image-wrap -->\n    \n        <\/div>\n<!-- \/module image -->        <\/div>\n                    <div  data-lazy=\"1\" class=\"module_column sub_column col3-1 tb_uw7c8\">\n                    <!-- module image -->\n<div  class=\"module module-image tb_87ro112 image-center   tf_mw wow\" data-tf-animation=\"fadeInUp\" data-lazy=\"1\">\n        <div class=\"image-wrap tf_rel tf_mw\">\n            <img data-recalc-dims=\"1\" loading=\"lazy\" decoding=\"async\" src=\"https:\/\/i0.wp.com\/ruizdelhoyoabogado.com\/wp-content\/uploads\/2025\/08\/WhatsApp-Image-2023-09-14-at-6.35.24-PM-11.jpeg?resize=250%2C341&#038;ssl=1\" width=\"250\" height=\"341\" class=\"wp-post-image wp-image-379\" title=\"WhatsApp Image 2023-09-14 at 6.35.24 PM (11)\" alt=\"WhatsApp Image 2023-09-14 at 6.35.24 PM (11)\" srcset=\"https:\/\/i0.wp.com\/ruizdelhoyoabogado.com\/wp-content\/uploads\/2025\/08\/WhatsApp-Image-2023-09-14-at-6.35.24-PM-11.jpeg?resize=250%2C341&amp;ssl=1 250w, https:\/\/i0.wp.com\/ruizdelhoyoabogado.com\/wp-content\/uploads\/2025\/08\/WhatsApp-Image-2023-09-14-at-6.35.24-PM-11.jpeg?zoom=2&amp;resize=250%2C341&amp;ssl=1 500w\" sizes=\"auto, (max-width: 250px) 100vw, 250px\" \/>    \n        <\/div>\n    <!-- \/image-wrap -->\n    \n        <\/div>\n<!-- \/module image -->        <\/div>\n                    <div  data-lazy=\"1\" class=\"module_column sub_column col3-1 tb_is6i9 last\">\n                    <!-- module image -->\n<div  class=\"module module-image tb_q7dd62 image-center   tf_mw wow\" data-tf-animation=\"fadeInUp\" data-lazy=\"1\">\n        <div class=\"image-wrap tf_rel tf_mw\">\n            <img data-recalc-dims=\"1\" loading=\"lazy\" decoding=\"async\" src=\"https:\/\/i0.wp.com\/ruizdelhoyoabogado.com\/wp-content\/uploads\/2025\/07\/WhatsApp-Image-2023-09-14-at-6.33.58-PM.jpeg?resize=304%2C345&#038;ssl=1\" width=\"304\" height=\"345\" class=\"wp-post-image wp-image-197\" title=\"WhatsApp Image 2023-09-14 at 6.33.58 PM\" alt=\"WhatsApp Image 2023-09-14 at 6.33.58 PM\" srcset=\"https:\/\/i0.wp.com\/ruizdelhoyoabogado.com\/wp-content\/uploads\/2025\/07\/WhatsApp-Image-2023-09-14-at-6.33.58-PM.jpeg?resize=304%2C345&amp;ssl=1 304w, https:\/\/i0.wp.com\/ruizdelhoyoabogado.com\/wp-content\/uploads\/2025\/07\/WhatsApp-Image-2023-09-14-at-6.33.58-PM.jpeg?resize=264%2C300&amp;ssl=1 264w, https:\/\/i0.wp.com\/ruizdelhoyoabogado.com\/wp-content\/uploads\/2025\/07\/WhatsApp-Image-2023-09-14-at-6.33.58-PM.jpeg?w=562&amp;ssl=1 562w\" sizes=\"auto, (max-width: 304px) 100vw, 304px\" \/>    \n        <\/div>\n    <!-- \/image-wrap -->\n    \n        <\/div>\n<!-- \/module image -->        <\/div>\n                    <\/div>\n                <\/div>\n                        <\/div>\n        <\/div>\n                        <div  data-lazy=\"1\" class=\"module_row themify_builder_row tb_dfbl50 tf_w\">\n                        <div class=\"row_inner col_align_top tb_col_count_1 tf_box tf_rel\">\n                        <div  data-lazy=\"1\" class=\"module_column tb-column col-full tb_6w6o52 first\">\n                    <!-- module text -->\n<div  class=\"module module-text tb_hnp352    wow\" data-tf-animation=\"fadeInUp\" data-lazy=\"1\">\n        <div  class=\"tb_text_wrap\">\n        <h2>FAQs<\/h2>    <\/div>\n<\/div>\n<!-- \/module text --><!-- module accordion -->\n<div  class=\"module module-accordion tb_qfl053  wow\" data-behavior=\"toggle\" data-tf-animation=\"fadeInUpBig\" data-lazy=\"1\">\n    \n    <ul class=\"ui module-accordion   transparent\">\n            <li>\n            <div class=\"accordion-title tf_rel\">\n                <a href=\"#acc-qfl053-0\" class=\"tb_title_accordion\" aria-controls=\"acc-qfl053-0-content\" aria-expanded=\"false\">\n                    <i class=\"accordion-icon\"><svg  class=\"tf_fa tf-ti-plus\" aria-hidden=\"true\"><use href=\"#tf-ti-plus\"><\/use><\/svg><\/i>                    <i class=\"accordion-active-icon tf_hide\"><svg  class=\"tf_fa tf-ti-minus\" aria-hidden=\"true\"><use href=\"#tf-ti-minus\"><\/use><\/svg><\/i>                    Which certifications do you have?                <\/a>\n            <\/div><!-- .accordion-title -->\n            <div id=\"acc-qfl053-0-content\" data-id=\"acc-qfl053-0\" aria-hidden=\"true\" class=\"accordion-content tf_hide tf_clearfix\">\n                        <div  data-lazy=\"1\" class=\"module_subrow themify_builder_sub_row tf_w col_align_top tb_col_count_1 tb_rfwx248\">\n                <div  data-lazy=\"1\" class=\"module_column sub_column tb_li72248 first\">\n                    <!-- module text -->\n<div  class=\"module module-text tb_iqz6248\" data-lazy=\"1\">\n        <div  class=\"tb_text_wrap\">\n        <p>I graduated from Centro Universitario Mexico\u00b4s law school and i have a master\u00b4s degree issued by  UNAM\u00b4s Instituto de Investigaciones Juridicas.\u00a0<\/p>    <\/div>\n<\/div>\n<!-- \/module text -->        <\/div>\n                    <\/div>\n                    <\/div><!-- .accordion-content -->\n        <\/li>\n            <li>\n            <div class=\"accordion-title tf_rel\">\n                <a href=\"#acc-qfl053-1\" class=\"tb_title_accordion\" aria-controls=\"acc-qfl053-1-content\" aria-expanded=\"false\">\n                    <i class=\"accordion-icon\"><svg  class=\"tf_fa tf-ti-plus\" aria-hidden=\"true\"><use href=\"#tf-ti-plus\"><\/use><\/svg><\/i>                    <i class=\"accordion-active-icon tf_hide\"><svg  class=\"tf_fa tf-ti-minus\" aria-hidden=\"true\"><use href=\"#tf-ti-minus\"><\/use><\/svg><\/i>                    How many cases have you adressed in your time as a professional lawyer?                <\/a>\n            <\/div><!-- .accordion-title -->\n            <div id=\"acc-qfl053-1-content\" data-id=\"acc-qfl053-1\" aria-hidden=\"true\" class=\"accordion-content tf_hide tf_clearfix\">\n                        <div  data-lazy=\"1\" class=\"module_subrow themify_builder_sub_row tf_w col_align_top tb_col_count_1 tb_aq4r248\">\n                <div  data-lazy=\"1\" class=\"module_column sub_column tb_g8xo249 first\">\n                    <!-- module text -->\n<div  class=\"module module-text tb_9ssc249\" data-lazy=\"1\">\n        <div  class=\"tb_text_wrap\">\n        <p>For more than 30 years i have adressed  almost 200 hundred cases, involving civil, penal and corporate scope. It was then when i found out  that i wanted to widen my vocation for helping people by getting close and helping foreign companies and individuals who intend to move or invest in Mexico.\u00a0\u00a0<\/p>    <\/div>\n<\/div>\n<!-- \/module text -->        <\/div>\n                    <\/div>\n                    <\/div><!-- .accordion-content -->\n        <\/li>\n            <li>\n            <div class=\"accordion-title tf_rel\">\n                <a href=\"#acc-qfl053-2\" class=\"tb_title_accordion\" aria-controls=\"acc-qfl053-2-content\" aria-expanded=\"false\">\n                    <i class=\"accordion-icon\"><svg  class=\"tf_fa tf-ti-plus\" aria-hidden=\"true\"><use href=\"#tf-ti-plus\"><\/use><\/svg><\/i>                    <i class=\"accordion-active-icon tf_hide\"><svg  class=\"tf_fa tf-ti-minus\" aria-hidden=\"true\"><use href=\"#tf-ti-minus\"><\/use><\/svg><\/i>                    Do you have experience working abroad?                <\/a>\n            <\/div><!-- .accordion-title -->\n            <div id=\"acc-qfl053-2-content\" data-id=\"acc-qfl053-2\" aria-hidden=\"true\" class=\"accordion-content tf_hide tf_clearfix\">\n                        <div  data-lazy=\"1\" class=\"module_subrow themify_builder_sub_row tf_w col_align_top tb_col_count_1 tb_jeyd249\">\n                <div  data-lazy=\"1\" class=\"module_column sub_column tb_w1h7249 first\">\n                    <!-- module text -->\n<div  class=\"module module-text tb_pqts249\" data-lazy=\"1\">\n        <div  class=\"tb_text_wrap\">\n        <p>\u00a1Sure i do! I\u00b4ve adressed and helped with cases held at Arizona, California and Alska. Despite i cannot practice as a lawyer in the United States of Am\u00e9rica, becuase every state requires a special certification; my expertise has been  aknowledged as \"very valuable\"  thanks to the reults i delivered.<\/p>    <\/div>\n<\/div>\n<!-- \/module text -->        <\/div>\n                    <\/div>\n                    <\/div><!-- .accordion-content -->\n        <\/li>\n        <\/ul>\n\n<\/div><!-- \/module accordion --><!-- module text -->\n<div  class=\"module module-text tb_64bt53    wow\" data-tf-animation=\"fadeInRight\" data-lazy=\"1\">\n        <div  class=\"tb_text_wrap\">\n        <h3>\u00bfYour question isn\u00b4t here?<\/h3>    <\/div>\n<\/div>\n<!-- \/module text --><!-- module buttons -->\n<div  class=\"module module-buttons tb_u7y053 buttons-horizontal solid  xlarge wow\" data-tf-animation=\"fadeInLeft\" data-lazy=\"1\">\n        <div class=\"module-buttons-item tf_in_flx\">\n                        <a href=\"#\" class=\"ui builder_button tf_in_flx blue\" >\n                                                Send me an email                                         <\/a>\n                <\/div>\n            <\/div>\n<!-- \/module buttons -->\n        <\/div>\n                        <\/div>\n        <\/div>\n        <\/div>\n<!--\/themify_builder_content-->","protected":false},"excerpt":{"rendered":"<p>Specialized lawyer in foreign investment and real estate law in Mexico<\/p>","protected":false},"author":1,"featured_media":0,"parent":0,"menu_order":0,"comment_status":"closed","ping_status":"closed","template":"","meta":{"om_disable_all_campaigns":false,"_monsterinsights_skip_tracking":false,"_monsterinsights_sitenote_active":false,"_monsterinsights_sitenote_note":"","_monsterinsights_sitenote_category":0,"footnotes":""},"class_list":["post-34","page","type-page","status-publish","hentry","has-post-title","has-post-date","has-post-category","has-post-tag","has-post-comment","has-post-author",""],"aioseo_notices":[],"jetpack_sharing_enabled":true,"builder_content":"<h2 style=\"text-align: center;\">Specialized lawyer in foreign investment and real estate law in Mexico<\/h2>\n<a href=\"http:\/\/ALVARO@RUIZDELHOYOABOGADO.COM\" > CONT\u00c1Ctame <\/a>\n<h2>Servicios<\/h2>\n<img src=\"https:\/\/ruizdelhoyoabogado.com\/wp-content\/uploads\/2025\/06\/will-icon-60x62.png\" width=\"60\" height=\"62\" title=\"Inversi\u00f3n extranjera.\" alt=\"Inversi\u00f3n extranjera.\" srcset=\"https:\/\/i0.wp.com\/ruizdelhoyoabogado.com\/wp-content\/uploads\/2025\/06\/will-icon.png?resize=60%2C62&amp;ssl=1 60w, https:\/\/i0.wp.com\/ruizdelhoyoabogado.com\/wp-content\/uploads\/2025\/06\/will-icon.png?w=68&amp;ssl=1 68w\" sizes=\"(max-width: 60px) 100vw, 60px\" \/> <h3> Inversi\u00f3n extranjera. <\/h3>\n<img src=\"https:\/\/ruizdelhoyoabogado.com\/wp-content\/uploads\/2025\/06\/home-icon-60x69.png\" width=\"60\" height=\"69\" title=\"Inmobiliario\" alt=\"Inmobiliario\" srcset=\"https:\/\/i0.wp.com\/ruizdelhoyoabogado.com\/wp-content\/uploads\/2025\/06\/home-icon.png?resize=60%2C69&amp;ssl=1 60w, https:\/\/i0.wp.com\/ruizdelhoyoabogado.com\/wp-content\/uploads\/2025\/06\/home-icon.png?w=61&amp;ssl=1 61w\" sizes=\"(max-width: 60px) 100vw, 60px\" \/> <h3> Inmobiliario <\/h3>\n<img src=\"https:\/\/ruizdelhoyoabogado.com\/wp-content\/uploads\/2025\/06\/corporate-1-60x71.png\" width=\"60\" height=\"71\" title=\"Contratos\" alt=\"Contratos\"> <h3> Contratos <\/h3>\n<h2>El abogado\u00a0<\/h2>\n<img src=\"https:\/\/ruizdelhoyoabogado.com\/wp-content\/uploads\/2025\/07\/WhatsApp-Image-2023-09-14-at-6.35.24-PM-12-344x386.jpeg\" width=\"344\" height=\"386\" title=\"WhatsApp Image 2023-09-14 at 6.35.24 PM (12)\" alt=\"WhatsApp Image 2023-09-14 at 6.35.24 PM (12)\" srcset=\"https:\/\/i0.wp.com\/ruizdelhoyoabogado.com\/wp-content\/uploads\/2025\/07\/WhatsApp-Image-2023-09-14-at-6.35.24-PM-12.jpeg?resize=344%2C386&amp;ssl=1 344w, https:\/\/i0.wp.com\/ruizdelhoyoabogado.com\/wp-content\/uploads\/2025\/07\/WhatsApp-Image-2023-09-14-at-6.35.24-PM-12.jpeg?resize=267%2C300&amp;ssl=1 267w, https:\/\/i0.wp.com\/ruizdelhoyoabogado.com\/wp-content\/uploads\/2025\/07\/WhatsApp-Image-2023-09-14-at-6.35.24-PM-12.jpeg?w=381&amp;ssl=1 381w\" sizes=\"(max-width: 344px) 100vw, 344px\" \/>\n<img src=\"https:\/\/ruizdelhoyoabogado.com\/wp-content\/uploads\/2025\/08\/WhatsApp-Image-2023-09-14-at-6.35.24-PM-11-250x341.jpeg\" width=\"250\" height=\"341\" title=\"WhatsApp Image 2023-09-14 at 6.35.24 PM (11)\" alt=\"WhatsApp Image 2023-09-14 at 6.35.24 PM (11)\" srcset=\"https:\/\/i0.wp.com\/ruizdelhoyoabogado.com\/wp-content\/uploads\/2025\/08\/WhatsApp-Image-2023-09-14-at-6.35.24-PM-11.jpeg?resize=250%2C341&amp;ssl=1 250w, https:\/\/i0.wp.com\/ruizdelhoyoabogado.com\/wp-content\/uploads\/2025\/08\/WhatsApp-Image-2023-09-14-at-6.35.24-PM-11.jpeg?zoom=2&amp;resize=250%2C341&amp;ssl=1 500w\" sizes=\"(max-width: 250px) 100vw, 250px\" \/>\n<img src=\"https:\/\/ruizdelhoyoabogado.com\/wp-content\/uploads\/2025\/07\/WhatsApp-Image-2023-09-14-at-6.33.58-PM-304x345.jpeg\" width=\"304\" height=\"345\" title=\"WhatsApp Image 2023-09-14 at 6.33.58 PM\" alt=\"WhatsApp Image 2023-09-14 at 6.33.58 PM\" srcset=\"https:\/\/i0.wp.com\/ruizdelhoyoabogado.com\/wp-content\/uploads\/2025\/07\/WhatsApp-Image-2023-09-14-at-6.33.58-PM.jpeg?resize=304%2C345&amp;ssl=1 304w, https:\/\/i0.wp.com\/ruizdelhoyoabogado.com\/wp-content\/uploads\/2025\/07\/WhatsApp-Image-2023-09-14-at-6.33.58-PM.jpeg?resize=264%2C300&amp;ssl=1 264w, https:\/\/i0.wp.com\/ruizdelhoyoabogado.com\/wp-content\/uploads\/2025\/07\/WhatsApp-Image-2023-09-14-at-6.33.58-PM.jpeg?w=562&amp;ssl=1 562w\" sizes=\"(max-width: 304px) 100vw, 304px\" \/>\n<h2>FAQs<\/h2>\n<ul><li><h4>Cuales son tus certificaciones?<\/h4><p>Soy licenciado en derecho por el Centro Universitario M\u00e9xico y cuento con una maestr\u00eda en derecho estadounidense por el Instituto de Investigaciones Jur\u00eddicas de la UNAM.\u00a0<\/p><\/li><li><h4>Cuantos casos has atendido en tus a\u00f1os como abogado?<\/h4><p>A lo largo de m\u00e1s de 30 a\u00f1os he atendido cerca de 200 casos en los \u00e1mbitos, civil, penal y corporativo. Fue ah\u00ed que descubr\u00ed que quer\u00eda expandir mi vocaci\u00f3n por ayudar a los dem\u00e1s con empresas y personas\u00a0 extranjeras que quisieran establecerse en M\u00e9xico.\u00a0\u00a0<\/p><\/li><li><h4>Has atendido caso en el extranjero?<\/h4><p>\u00a1Claro! He atendido y coadyuvado en casos en varios estados\u00a0 de la uni\u00f3n americana como Arizona, California y Alaska. A pesar de que no puedo ejercer como abogado en Estados Unidos, ya que cada estado pide una certificaci\u00f3n especial, mi \"expertise\" ha sido reconocida gracias a los resultados producto de mis asesor\u00edas.<\/p><\/li><\/ul>\n<p>Soy licenciado en derecho por el Centro Universitario M\u00e9xico y cuento con una maestr\u00eda en derecho estadounidense por el Instituto de Investigaciones Jur\u00eddicas de la UNAM.\u00a0<\/p>\n<p>A lo largo de m\u00e1s de 30 a\u00f1os he atendido cerca de 200 casos en los \u00e1mbitos, civil, penal y corporativo. Fue ah\u00ed que descubr\u00ed que quer\u00eda expandir mi vocaci\u00f3n por ayudar a los dem\u00e1s con empresas y personas\u00a0 extranjeras que quisieran establecerse en M\u00e9xico.\u00a0\u00a0<\/p>\n<p>\u00a1Claro! He atendido y coadyuvado en casos en varios estados\u00a0 de la uni\u00f3n americana como Arizona, California y Alaska. A pesar de que no puedo ejercer como abogado en Estados Unidos, ya que cada estado pide una certificaci\u00f3n especial, mi \"expertise\" ha sido reconocida gracias a los resultados producto de mis asesor\u00edas.<\/p>\n<h3>\u00bfTu pregunta no esta aqu\u00ed?<\/h3>\n<a href=\"#\" > M\u00e1ndame un correo <\/a>","_links":{"self":[{"href":"https:\/\/ruizdelhoyoabogado.com\/en\/wp-json\/wp\/v2\/pages\/34","targetHints":{"allow":["GET"]}}],"collection":[{"href":"https:\/\/ruizdelhoyoabogado.com\/en\/wp-json\/wp\/v2\/pages"}],"about":[{"href":"https:\/\/ruizdelhoyoabogado.com\/en\/wp-json\/wp\/v2\/types\/page"}],"author":[{"embeddable":true,"href":"https:\/\/ruizdelhoyoabogado.com\/en\/wp-json\/wp\/v2\/users\/1"}],"replies":[{"embeddable":true,"href":"https:\/\/ruizdelhoyoabogado.com\/en\/wp-json\/wp\/v2\/comments?post=34"}],"version-history":[{"count":25,"href":"https:\/\/ruizdelhoyoabogado.com\/en\/wp-json\/wp\/v2\/pages\/34\/revisions"}],"predecessor-version":[{"id":465,"href":"https:\/\/ruizdelhoyoabogado.com\/en\/wp-json\/wp\/v2\/pages\/34\/revisions\/465"}],"wp:attachment":[{"href":"https:\/\/ruizdelhoyoabogado.com\/en\/wp-json\/wp\/v2\/media?parent=34"}],"curies":[{"name":"wp","href":"https:\/\/api.w.org\/{rel}","templated":true}]}}