{"id":151,"date":"2016-12-28T05:24:23","date_gmt":"2016-12-28T05:24:23","guid":{"rendered":"https:\/\/ruizdelhoyoabogado.com\/about\/"},"modified":"2025-10-14T11:21:52","modified_gmt":"2025-10-14T17:21:52","slug":"acercademi","status":"publish","type":"page","link":"https:\/\/ruizdelhoyoabogado.com\/en\/acercademi\/","title":{"rendered":"About me"},"content":{"rendered":"<!--themify_builder_content-->\n<div id=\"themify_builder_content-151\" data-postid=\"151\" class=\"themify_builder_content themify_builder_content-151 themify_builder tf_clear\">\n                    <div  data-css_id=\"wi69690\" data-lazy=\"1\" class=\"module_row themify_builder_row fullwidth_row_container tb_wi69690 tb_first tf_w wow\" data-tf-animation=\"fadeIn\">\n            <span class=\"builder_row_cover tf_abs\"><\/span>            <div class=\"row_inner col_align_top tb_col_count_1 tf_box tf_rel\">\n                        <div  data-lazy=\"1\" class=\"module_column tb-column col-full tb_44ze005 first\">\n                    <!-- module text -->\n<div  class=\"module module-text tb_fbh8590    wow\" data-tf-animation=\"fadeInUp\" data-lazy=\"1\">\n        <div  class=\"tb_text_wrap\">\n        <h1>About me<\/h1>    <\/div>\n<\/div>\n<!-- \/module text -->        <\/div>\n                        <\/div>\n        <\/div>\n                        <div  data-lazy=\"1\" class=\"module_row themify_builder_row tb_796h611 tf_w\">\n                        <div class=\"row_inner col_align_middle tb_col_count_2 tf_box tf_rel\">\n                        <div  data-lazy=\"1\" class=\"module_column tb-column col4-2 tb_zzap039 first\">\n                    <!-- module image -->\n<div  class=\"module module-image tb_rmwp066 image-top   tf_mw wow\" data-tf-animation=\"fadeInLeft\" data-lazy=\"1\">\n        <div class=\"image-wrap tf_rel tf_mw\">\n            <img data-recalc-dims=\"1\" loading=\"lazy\" decoding=\"async\" src=\"https:\/\/i0.wp.com\/ruizdelhoyoabogado.com\/wp-content\/uploads\/2016\/09\/PeopleImages.com-ID376521-1024x683.webp?resize=185%2C343&#038;ssl=1\" width=\"185\" height=\"343\" class=\"wp-post-image wp-image-80\" title=\"PeopleImages.com-ID376521.webp\" alt=\"PeopleImages.com-ID376521.webp\" srcset=\"https:\/\/i0.wp.com\/ruizdelhoyoabogado.com\/wp-content\/uploads\/2016\/09\/PeopleImages.com-ID376521.webp?resize=185%2C343&amp;ssl=1 185w, https:\/\/i0.wp.com\/ruizdelhoyoabogado.com\/wp-content\/uploads\/2016\/09\/PeopleImages.com-ID376521.webp?zoom=2&amp;resize=185%2C343&amp;ssl=1 370w, https:\/\/i0.wp.com\/ruizdelhoyoabogado.com\/wp-content\/uploads\/2016\/09\/PeopleImages.com-ID376521.webp?zoom=3&amp;resize=185%2C343&amp;ssl=1 555w\" sizes=\"auto, (max-width: 185px) 100vw, 185px\" \/>    \n        <\/div>\n    <!-- \/image-wrap -->\n    \n        <\/div>\n<!-- \/module image -->        <\/div>\n                    <div  data-lazy=\"1\" class=\"module_column tb-column col4-2 tb_amdm056 last\">\n                    <!-- module text -->\n<div  class=\"module module-text tb_lqna766    wow\" data-tf-animation=\"fadeInRight\" data-lazy=\"1\">\n        <div  class=\"tb_text_wrap\">\n        <h2><span dir=\"auto\" style=\"vertical-align: inherit;\"><span dir=\"auto\" style=\"vertical-align: inherit;\">Educational experience<\/span><\/span><\/h2>\n<p><span dir=\"auto\" style=\"vertical-align: inherit;\"><span class=\"\" dir=\"auto\" style=\"vertical-align: inherit;\">Graduated from Centro Universitario Mexico\u00b4s law school in 1998\u00a0<br><br>In 2020 i accomplished the American Law master\u00b4s degree held by the Instituto de Investigaciones Jur\u00eddicas de la UNAM<\/span><\/span><\/p>    <\/div>\n<\/div>\n<!-- \/module text -->        <\/div>\n                        <\/div>\n        <\/div>\n                        <div  data-lazy=\"1\" class=\"module_row themify_builder_row tb_76u6860 tf_w\">\n                        <div class=\"row_inner col_align_middle tb_col_count_2 tf_box tf_rel\">\n                        <div  data-lazy=\"1\" class=\"module_column tb-column col4-2 tb_72dl661 first\">\n                    <!-- module text -->\n<div  class=\"module module-text tb_pihg061    wow\" data-tf-animation=\"fadeInLeft\" data-lazy=\"1\">\n        <div  class=\"tb_text_wrap\">\n        <h2>My expertise<\/h2>\n<p>I have wide experience in private and public sectors,  where i gathered a lot experience working    for judiciary authorities and private companies such as ICA and Grupo Inmobiliario Cababi\u00e9.<br><br>Later on, in 2002 i went independent alongside Antonio Vallarta.<br><br>I have succesfully adressed many cases within the United States of Am\u00e9rica, particularly in California, Arizona and Alska.<\/p>    <\/div>\n<\/div>\n<!-- \/module text -->        <\/div>\n                    <div  data-lazy=\"1\" class=\"module_column tb-column col4-2 tb_re7r209 last\">\n                    <!-- module image -->\n<div  class=\"module module-image tb_6f29396 image-top   tf_mw wow\" data-tf-animation=\"fadeInRight\" data-lazy=\"1\">\n        <div class=\"image-wrap tf_rel tf_mw\">\n            <img data-recalc-dims=\"1\" loading=\"lazy\" decoding=\"async\" src=\"https:\/\/i0.wp.com\/ruizdelhoyoabogado.com\/wp-content\/uploads\/2025\/07\/WhatsApp-Image-2023-09-14-at-6.35.24-PM-9.jpeg?resize=428%2C402&#038;ssl=1\" width=\"428\" height=\"402\" class=\"wp-post-image wp-image-216\" title=\"WhatsApp Image 2023-09-14 at 6.35.24 PM (9)\" alt=\"WhatsApp Image 2023-09-14 at 6.35.24 PM (9)\" srcset=\"https:\/\/i0.wp.com\/ruizdelhoyoabogado.com\/wp-content\/uploads\/2025\/07\/WhatsApp-Image-2023-09-14-at-6.35.24-PM-9.jpeg?resize=428%2C402&amp;ssl=1 428w, https:\/\/i0.wp.com\/ruizdelhoyoabogado.com\/wp-content\/uploads\/2025\/07\/WhatsApp-Image-2023-09-14-at-6.35.24-PM-9.jpeg?zoom=2&amp;resize=428%2C402&amp;ssl=1 856w\" sizes=\"auto, (max-width: 428px) 100vw, 428px\" \/>    \n        <\/div>\n    <!-- \/image-wrap -->\n    \n        <\/div>\n<!-- \/module image -->        <\/div>\n                        <\/div>\n        <\/div>\n        <\/div>\n<!--\/themify_builder_content-->","protected":false},"excerpt":{"rendered":"<p>About me<\/p>","protected":false},"author":1,"featured_media":0,"parent":0,"menu_order":0,"comment_status":"closed","ping_status":"closed","template":"","meta":{"om_disable_all_campaigns":false,"_monsterinsights_skip_tracking":false,"_monsterinsights_sitenote_active":false,"_monsterinsights_sitenote_note":"","_monsterinsights_sitenote_category":0,"footnotes":""},"class_list":["post-151","page","type-page","status-publish","hentry","has-post-title","has-post-date","has-post-category","has-post-tag","has-post-comment","has-post-author",""],"aioseo_notices":[],"jetpack_sharing_enabled":true,"builder_content":"<h1>Acerca de mi<\/h1>\n<img src=\"https:\/\/ruizdelhoyoabogado.com\/wp-content\/uploads\/2016\/09\/PeopleImages.com-ID376521-1024x683-185x343.webp\" width=\"185\" height=\"343\" title=\"PeopleImages.com-ID376521.webp\" alt=\"PeopleImages.com-ID376521.webp\" srcset=\"https:\/\/i0.wp.com\/ruizdelhoyoabogado.com\/wp-content\/uploads\/2016\/09\/PeopleImages.com-ID376521.webp?resize=185%2C343&amp;ssl=1 185w, https:\/\/i0.wp.com\/ruizdelhoyoabogado.com\/wp-content\/uploads\/2016\/09\/PeopleImages.com-ID376521.webp?zoom=2&amp;resize=185%2C343&amp;ssl=1 370w, https:\/\/i0.wp.com\/ruizdelhoyoabogado.com\/wp-content\/uploads\/2016\/09\/PeopleImages.com-ID376521.webp?zoom=3&amp;resize=185%2C343&amp;ssl=1 555w\" sizes=\"(max-width: 185px) 100vw, 185px\" \/>\n<h2>Mis estudios<\/h2> <p>Me gradu\u00e9 de la escuela de derecho del Centro Universitario M\u00e9xico en 1998.\u00a0<br><br>En 2020, complet\u00e9 mis estudios de maestr\u00eda en derecho estadounidense en el Instituto de Investigaciones Jur\u00eddicas de la UNAM.<\/p>\n<h2>Mi experiencia<\/h2> <p>Me he desempe\u00f1ado tanto en la iniciativa privada, como en el sector p\u00fablico, obteniendo experiencia tanto en el poder judicial, y en empresas como ICA y Grupo Inmobiliario Cababi\u00e9.<br><br>Posteriormente, y desde el a\u00f1o 2002 me independic\u00e9 de de la mano Antonio Vallarta.<br><br>He colaborado con \u00e9xito en varios casos en la uni\u00f3n americana en los estados de California, Arizona y Alaska.<\/p>\n<img src=\"https:\/\/ruizdelhoyoabogado.com\/wp-content\/uploads\/2025\/07\/WhatsApp-Image-2023-09-14-at-6.35.24-PM-9-428x402.jpeg\" width=\"428\" height=\"402\" title=\"WhatsApp Image 2023-09-14 at 6.35.24 PM (9)\" alt=\"WhatsApp Image 2023-09-14 at 6.35.24 PM (9)\" srcset=\"https:\/\/i0.wp.com\/ruizdelhoyoabogado.com\/wp-content\/uploads\/2025\/07\/WhatsApp-Image-2023-09-14-at-6.35.24-PM-9.jpeg?resize=428%2C402&amp;ssl=1 428w, https:\/\/i0.wp.com\/ruizdelhoyoabogado.com\/wp-content\/uploads\/2025\/07\/WhatsApp-Image-2023-09-14-at-6.35.24-PM-9.jpeg?zoom=2&amp;resize=428%2C402&amp;ssl=1 856w\" sizes=\"(max-width: 428px) 100vw, 428px\" \/>","_links":{"self":[{"href":"https:\/\/ruizdelhoyoabogado.com\/en\/wp-json\/wp\/v2\/pages\/151","targetHints":{"allow":["GET"]}}],"collection":[{"href":"https:\/\/ruizdelhoyoabogado.com\/en\/wp-json\/wp\/v2\/pages"}],"about":[{"href":"https:\/\/ruizdelhoyoabogado.com\/en\/wp-json\/wp\/v2\/types\/page"}],"author":[{"embeddable":true,"href":"https:\/\/ruizdelhoyoabogado.com\/en\/wp-json\/wp\/v2\/users\/1"}],"replies":[{"embeddable":true,"href":"https:\/\/ruizdelhoyoabogado.com\/en\/wp-json\/wp\/v2\/comments?post=151"}],"version-history":[{"count":24,"href":"https:\/\/ruizdelhoyoabogado.com\/en\/wp-json\/wp\/v2\/pages\/151\/revisions"}],"predecessor-version":[{"id":447,"href":"https:\/\/ruizdelhoyoabogado.com\/en\/wp-json\/wp\/v2\/pages\/151\/revisions\/447"}],"wp:attachment":[{"href":"https:\/\/ruizdelhoyoabogado.com\/en\/wp-json\/wp\/v2\/media?parent=151"}],"curies":[{"name":"wp","href":"https:\/\/api.w.org\/{rel}","templated":true}]}}