{"id":149,"date":"2016-12-28T05:25:41","date_gmt":"2016-12-28T05:25:41","guid":{"rendered":"https:\/\/ruizdelhoyoabogado.com\/contact-us\/"},"modified":"2025-10-14T11:50:06","modified_gmt":"2025-10-14T17:50:06","slug":"contacto","status":"publish","type":"page","link":"https:\/\/ruizdelhoyoabogado.com\/en\/contacto\/","title":{"rendered":"Contact"},"content":{"rendered":"<!--themify_builder_content-->\n<div id=\"themify_builder_content-149\" data-postid=\"149\" class=\"themify_builder_content themify_builder_content-149 themify_builder tf_clear\">\n                    <div  data-lazy=\"1\" class=\"module_row themify_builder_row tb_epzx379 tb_first tf_w\">\n                        <div class=\"row_inner col_align_top tb_col_count_2 tf_box tf_rel\">\n                        <div  data-lazy=\"1\" class=\"module_column tb-column col4-2 tb_1b1x379 first\">\n                    <!-- module text -->\n<div  class=\"module module-text tb_c4ne380\" data-lazy=\"1\">\n        <div  class=\"tb_text_wrap\">\n        <h2>Contact me.<\/h2>    <\/div>\n<\/div>\n<!-- \/module text --><!-- module text -->\n<div  class=\"module module-text tb_ai54380\" data-lazy=\"1\">\n        <div  class=\"tb_text_wrap\">\n        <p>Your oppinion is very valuable. It doesn\u00b4t matter if it\u00b4s just a question or a more elaborated advise, i will be always keen to help 24\/7. You cant contact me via telephone or e-mail.<\/p>    <\/div>\n<\/div>\n<!-- \/module text -->        <div  data-lazy=\"1\" class=\"module_subrow themify_builder_sub_row tf_w col_align_top gutter-none tb_col_count_2 tb_naph380\">\n                <div  data-lazy=\"1\" class=\"module_column sub_column tb_8nt1380 first\">\n                    <!-- module text -->\n<div  class=\"module module-text tb_cpz3380\" data-lazy=\"1\">\n        <div  class=\"tb_text_wrap\">\n        <h4>Info<\/h4>    <\/div>\n<\/div>\n<!-- \/module text --><!-- module divider -->\n<div  class=\"module tf_mw module-divider tb_t825381 solid  divider-custom divider-left\" style=\"border-width: 1px;border-color: #d1d1d1;margin-top: 5px;margin-bottom: 13px;max-width: 50px;\" data-lazy=\"1\">\n    <\/div>\n<!-- \/module divider -->\n<!-- module icon -->\n<div  class=\"module module-icon tb_5tcz381    icon_vertical\" data-lazy=\"1\">\n            <div class=\"module-icon-item\">\n                                                                <em class=\"tf_box\"><svg  class=\"tf_fa tf-fas-phone\" aria-hidden=\"true\"><use href=\"#tf-fas-phone\"><\/use><\/svg><\/em>\n                                                                            <span>+(52) 55 3899 0124<\/span>\n                                                            <\/div>\n            <div class=\"module-icon-item\">\n                                                                <em class=\"tf_box\"><svg  class=\"tf_fa tf-far-envelope\" aria-hidden=\"true\"><use href=\"#tf-far-envelope\"><\/use><\/svg><\/em>\n                                                                            <span>alvaro@ruizdelhoyoabogado.com<\/span>\n                                                            <\/div>\n    <\/div>\n<!-- \/module icon -->\n        <\/div>\n                    <div  data-lazy=\"1\" class=\"module_column sub_column tb_2kzg381 last\">\n                    <!-- module text -->\n<div  class=\"module module-text tb_bgse381\" data-lazy=\"1\">\n        <div  class=\"tb_text_wrap\">\n        <h4>Adress\u00a0<\/h4>    <\/div>\n<\/div>\n<!-- \/module text --><!-- module divider -->\n<div  class=\"module tf_mw module-divider tb_7rhg381 solid  divider-custom divider-left\" style=\"border-width: 1px;border-color: #d1d1d1;margin-top: 5px;margin-bottom: 13px;max-width: 50px;\" data-lazy=\"1\">\n    <\/div>\n<!-- \/module divider -->\n<!-- module text -->\n<div  class=\"module module-text tb_cehk381\" data-lazy=\"1\">\n        <div  class=\"tb_text_wrap\">\n        <p>Campeche 25,<br>Col. Roma Sur, Cuauht\u00e9moc, CDMX<\/p>    <\/div>\n<\/div>\n<!-- \/module text -->        <\/div>\n                    <\/div>\n                <\/div>\n                    <div  data-lazy=\"1\" class=\"module_column tb-column col4-2 tb_sndx381 last\">\n                    <!-- module text -->\n<div  class=\"module module-text tb_tp0l381\" data-lazy=\"1\">\n        <div  class=\"tb_text_wrap\">\n        <h4>Send me an email\u00a0<\/h4>    <\/div>\n<\/div>\n<!-- \/module text --><!-- module contact -->\n<div  id=\"tb_v85p382\" class=\"module module-contact tb_v85p382 contact-style2\" data-lazy=\"1\">\n    \n\t<form class=\"builder-contact\"\n\t\tid=\"tb_v85p382-form\"\n\t\tmethod=\"post\"\n\t\tdata-post-id=\"149\"\n\t\tdata-element-id=\"v85p382\"\n\t\tdata-orig-id=\"149\" action=\"\"\n\t>\n    <div class=\"contact-message\"><\/div>\n\t<div class=\"builder-contact-fields tf_rel\">\n\t\t    \t\t    <div class=\"builder-contact-field builder-contact-field-name builder-contact-text-field\">\n\t\t\t    <label class=\"control-label\" for=\"tb_v85p382-contact-name\">\n\t\t\t\t\t\t\t\t\t\t<span class=\"tb-label-span\">Name <\/span><span class=\"required\">*<\/span>\t\t\t\t<\/label>\n\t\t\t    <div class=\"control-input tf_rel\">\n\t\t\t\t    \t\t\t\t\t    <input type=\"text\" name=\"contact-name\" placeholder=\"\" id=\"tb_v85p382-contact-name\" value=\"\" class=\"form-control\" required>\n\t\t\t\t    \t\t\t\t    \t\t\t    <\/div>\n\t\t<\/div>\n\t    \n\t\t    \t\t    <div class=\"builder-contact-field builder-contact-field-email builder-contact-text-field\">\n\t\t\t    <label class=\"control-label\" for=\"tb_v85p382-contact-email\">\n\t\t\t\t\t\t\t\t\t\t<span class=\"tb-label-span\">Mail adress <\/span><span class=\"required\">*<\/span>\t\t\t\t<\/label>\n\t\t\t    <div class=\"control-input tf_rel\">\n\t\t\t\t    \t\t\t\t\t    <input type=\"email\" name=\"contact-email\" placeholder=\"\" id=\"tb_v85p382-contact-email\" value=\"\" class=\"form-control\" required>\n\t\t\t\t    \t\t\t\t    \t\t\t    <\/div>\n\t\t<\/div>\n\t    \n\t\t    \t\t    <div class=\"builder-contact-field builder-contact-field-subject builder-contact-text-field\">\n\t\t\t    <label class=\"control-label\" for=\"tb_v85p382-contact-subject\">\n\t\t\t\t\t\t\t\t\t\t<span class=\"tb-label-span\">Affair <\/span><span class=\"required\">*<\/span>\t\t\t\t<\/label>\n\t\t\t    <div class=\"control-input tf_rel\">\n\t\t\t\t    \t\t\t\t\t    <input type=\"text\" name=\"contact-subject\" placeholder=\"\" id=\"tb_v85p382-contact-subject\" value=\"\" class=\"form-control\" required>\n\t\t\t\t    \t\t\t\t    \t\t\t    <\/div>\n\t\t<\/div>\n\t    \n\t\t    \t\t    <div class=\"builder-contact-field builder-contact-field-message builder-contact-textarea-field\">\n\t\t\t    <label class=\"control-label\" for=\"tb_v85p382-contact-message\">\n\t\t\t\t\t\t\t\t\t\t<span class=\"tb-label-span\">Message <\/span>\t\t\t\t<\/label>\n\t\t\t    <div class=\"control-input tf_rel\">\n\t\t\t\t    \t\t\t\t\t    <textarea name=\"contact-message\" placeholder=\"\" id=\"tb_v85p382-contact-message\" class=\"form-control\"><\/textarea>\n\t\t\t\t    \t\t\t\t    \t\t\t    <\/div>\n\t\t<\/div>\n\t    \n\t\t    \t\t\n\t\t\n\t    \n\t    <div class=\"builder-contact-field builder-contact-field-send control-input tf_textl tf_clear tf_rel\">\n\t\t\t<button type=\"submit\" class=\"btn btn-primary\">\n\t\t\t\t<span class=\"tf_loader\"><\/span>\t\t\t\t<span class=\"tf_submit_icon\"><\/span> \n\t\t\t\tSend\t\t\t<\/button>\n\t    <\/div>\n\t<\/div>\n    <input type=\"hidden\" name=\"trp-form-language\" value=\"en\"\/><\/form>\n    <\/div>\n<!-- \/module contact -->\n        <\/div>\n                        <\/div>\n        <\/div>\n        <\/div>\n<!--\/themify_builder_content-->\n\n\n<iframe src=\"https:\/\/www.google.com\/maps\/embed?pb=!1m18!1m12!1m3!1d470.37958967905246!2d-99.1607363476583!3d19.410819463950943!2m3!1f0!2f0!3f0!3m2!1i1024!2i768!4f13.1!3m3!1m2!1s0x85d1ff3db096c939%3A0x5e240ad32de86df!2sCampeche%2017%2C%20Roma%20Sur%2C%20Cuauht%C3%A9moc%2C%2006760%20Ciudad%20de%20M%C3%A9xico%2C%20CDMX!5e0!3m2!1ses-419!2smx!4v1753760186874!5m2!1ses-419!2smx\" width=\"2400\" height=\"450\" style=\"border:0;\" allowfullscreen=\"\" loading=\"lazy\" referrerpolicy=\"no-referrer-when-downgrade\"><\/iframe>\n\n\n\n<p><\/p>","protected":false},"excerpt":{"rendered":"","protected":false},"author":1,"featured_media":0,"parent":0,"menu_order":0,"comment_status":"closed","ping_status":"closed","template":"","meta":{"om_disable_all_campaigns":false,"_monsterinsights_skip_tracking":false,"_monsterinsights_sitenote_active":false,"_monsterinsights_sitenote_note":"","_monsterinsights_sitenote_category":0,"footnotes":""},"class_list":["post-149","page","type-page","status-publish","hentry","has-post-title","has-post-date","has-post-category","has-post-tag","has-post-comment","has-post-author",""],"aioseo_notices":[],"jetpack_sharing_enabled":true,"builder_content":"<h2>Cont\u00e1ctame<\/h2>\n<p>Tu opini\u00f3n es muy importante. No importa si se trata de una simple pregunta o una asesor\u00eda m\u00e1s compleja estoy pendiente 24\/7. Me puedes buscar por tel\u00e9fono o por correo directamente.<\/p>\n<h4>Info<\/h4>\n\n<em><svg aria-hidden=\"true\"><use href=\"#tf-fas-phone\"><\/use><\/svg><\/em> +(52) 55 3899 0124 <em><svg aria-hidden=\"true\"><use href=\"#tf-far-envelope\"><\/use><\/svg><\/em> alvaro@ruizdelhoyoabogado.com\n<h4>Direcci\u00f3n\u00a0<\/h4>\n\n<p>Campeche 25,<br>Col. Roma Sur, Cuauht\u00e9moc, CDMX<\/p>\n<h4>M\u00e1ndame un correo\u00a0<\/h4>\n<form id=\"tb_v85p382-form\" method=\"post\" data-post-id=\"0\" data-element-id=\"v85p382\" data-orig-id=\"149\" > <label for=\"tb_v85p382-contact-name\"> Nombre * <\/label> <input type=\"text\" name=\"contact-name\" placeholder=\"\" id=\"tb_v85p382-contact-name\" value=\"\" required> <label for=\"tb_v85p382-contact-email\"> Correo * <\/label> <input type=\"email\" name=\"contact-email\" placeholder=\"\" id=\"tb_v85p382-contact-email\" value=\"\" required> <label for=\"tb_v85p382-contact-subject\"> Asunto * <\/label> <input type=\"text\" name=\"contact-subject\" placeholder=\"\" id=\"tb_v85p382-contact-subject\" value=\"\" required> <label for=\"tb_v85p382-contact-message\"> Mensaje <\/label> <textarea name=\"contact-message\" placeholder=\"\" id=\"tb_v85p382-contact-message\"><\/textarea> <button type=\"submit\"> Enviar <\/button> <\/form>","_links":{"self":[{"href":"https:\/\/ruizdelhoyoabogado.com\/en\/wp-json\/wp\/v2\/pages\/149","targetHints":{"allow":["GET"]}}],"collection":[{"href":"https:\/\/ruizdelhoyoabogado.com\/en\/wp-json\/wp\/v2\/pages"}],"about":[{"href":"https:\/\/ruizdelhoyoabogado.com\/en\/wp-json\/wp\/v2\/types\/page"}],"author":[{"embeddable":true,"href":"https:\/\/ruizdelhoyoabogado.com\/en\/wp-json\/wp\/v2\/users\/1"}],"replies":[{"embeddable":true,"href":"https:\/\/ruizdelhoyoabogado.com\/en\/wp-json\/wp\/v2\/comments?post=149"}],"version-history":[{"count":22,"href":"https:\/\/ruizdelhoyoabogado.com\/en\/wp-json\/wp\/v2\/pages\/149\/revisions"}],"predecessor-version":[{"id":453,"href":"https:\/\/ruizdelhoyoabogado.com\/en\/wp-json\/wp\/v2\/pages\/149\/revisions\/453"}],"wp:attachment":[{"href":"https:\/\/ruizdelhoyoabogado.com\/en\/wp-json\/wp\/v2\/media?parent=149"}],"curies":[{"name":"wp","href":"https:\/\/api.w.org\/{rel}","templated":true}]}}