{"id":145,"date":"2016-12-28T05:25:03","date_gmt":"2016-12-28T05:25:03","guid":{"rendered":"https:\/\/ruizdelhoyoabogado.com\/services\/"},"modified":"2025-10-14T11:54:50","modified_gmt":"2025-10-14T17:54:50","slug":"servicios","status":"publish","type":"page","link":"https:\/\/ruizdelhoyoabogado.com\/en\/servicios\/","title":{"rendered":"My services"},"content":{"rendered":"<!--themify_builder_content-->\n<div id=\"themify_builder_content-145\" data-postid=\"145\" class=\"themify_builder_content themify_builder_content-145 themify_builder tf_clear\">\n                    <div  data-css_id=\"llsu823\" data-lazy=\"1\" class=\"module_row themify_builder_row fullwidth_row_container tb_llsu823 tb_first tf_w wow\" data-tf-animation=\"fadeIn\">\n            <span class=\"builder_row_cover tf_abs\"><\/span>            <div class=\"row_inner col_align_top tb_col_count_1 tf_box tf_rel\">\n                        <div  data-lazy=\"1\" class=\"module_column tb-column col-full tb_vkem830 first\">\n                    <!-- module text -->\n<div  class=\"module module-text tb_7g05833    wow\" data-tf-animation=\"fadeInUp\" data-lazy=\"1\">\n        <div  class=\"tb_text_wrap\">\n        <h1>Services<\/h1>    <\/div>\n<\/div>\n<!-- \/module text -->        <\/div>\n                        <\/div>\n        <\/div>\n                        <div  data-lazy=\"1\" class=\"module_row themify_builder_row tb_0bpq824 tf_w\">\n                        <div class=\"row_inner col_align_top tb_col_count_2 tf_box tf_rel\">\n                        <div  data-lazy=\"1\" class=\"module_column tb-column col4-2 tb_mp12840 first\">\n                    <!-- module image -->\n<div  class=\"module module-image tb_y406840 image-overlay   tf_mw wow\" data-tf-animation=\"fadeInLeft\" data-lazy=\"1\">\n        <div class=\"image-wrap tf_rel tf_mw\">\n            <img data-recalc-dims=\"1\" loading=\"lazy\" decoding=\"async\" src=\"https:\/\/i0.wp.com\/ruizdelhoyoabogado.com\/wp-content\/uploads\/2016\/09\/PeopleImages.com-ID1267529-1-1024x683.jpg?resize=527%2C351&#038;ssl=1\" width=\"527\" height=\"351\" class=\"wp-post-image wp-image-99\" title=\"PeopleImages.com-ID1267529-1\" alt=\"PeopleImages.com-ID1267529-1\" srcset=\"https:\/\/i0.wp.com\/ruizdelhoyoabogado.com\/wp-content\/uploads\/2016\/09\/PeopleImages.com-ID1267529-1.jpg?resize=527%2C351&amp;ssl=1 527w, https:\/\/i0.wp.com\/ruizdelhoyoabogado.com\/wp-content\/uploads\/2016\/09\/PeopleImages.com-ID1267529-1.jpg?resize=300%2C200&amp;ssl=1 300w, https:\/\/i0.wp.com\/ruizdelhoyoabogado.com\/wp-content\/uploads\/2016\/09\/PeopleImages.com-ID1267529-1.jpg?resize=1024%2C683&amp;ssl=1 1024w, https:\/\/i0.wp.com\/ruizdelhoyoabogado.com\/wp-content\/uploads\/2016\/09\/PeopleImages.com-ID1267529-1.jpg?resize=768%2C512&amp;ssl=1 768w, https:\/\/i0.wp.com\/ruizdelhoyoabogado.com\/wp-content\/uploads\/2016\/09\/PeopleImages.com-ID1267529-1.jpg?resize=1536%2C1024&amp;ssl=1 1536w, https:\/\/i0.wp.com\/ruizdelhoyoabogado.com\/wp-content\/uploads\/2016\/09\/PeopleImages.com-ID1267529-1.jpg?w=1689&amp;ssl=1 1689w\" sizes=\"auto, (max-width: 527px) 100vw, 527px\" \/>    \n    \n                <\/div>\n        <!-- \/image-wrap -->\n    <\/div>\n<!-- \/module image -->        <\/div>\n                    <div  data-lazy=\"1\" class=\"module_column tb-column col4-2 tb_kkix841 last\">\n                    <!-- module text -->\n<div  class=\"module module-text tb_dtan841    wow\" data-tf-animation=\"fadeInRight\" data-lazy=\"1\">\n        <div  class=\"tb_text_wrap\">\n        <h5>My clients success is my priority. Because of that,  i ensure to offer and execute the best possible service for my clients.<\/h5>    <\/div>\n<\/div>\n<!-- \/module text --><!-- module buttons -->\n<div  class=\"module module-buttons tb_6bs6841 buttons-horizontal solid  large squared wow\" data-tf-animation=\"fadeInRight\" data-lazy=\"1\">\n        <div class=\"module-buttons-item tf_in_flx\">\n                        <a href=\"http:\/\/alvaro@ruizdelhoyoabogado.com\/en\/\" class=\"ui builder_button tf_in_flx blue\" >\n                                                Tell me about your case                                        <\/a>\n                <\/div>\n            <\/div>\n<!-- \/module buttons -->\n        <\/div>\n                        <\/div>\n        <\/div>\n                        <div  data-lazy=\"1\" class=\"module_row themify_builder_row tb_1d0p824 tf_w\">\n                        <div class=\"row_inner col_align_top tb_col_count_1 tf_box tf_rel\">\n                        <div  data-lazy=\"1\" class=\"module_column tb-column col-full tb_7hhq842 first\">\n                    <!-- module text -->\n<div  class=\"module module-text tb_4e0g842    wow\" data-tf-animation=\"fadeInUp\" data-lazy=\"1\">\n        <div  class=\"tb_text_wrap\">\n        <h2>Legal services and advise in:<\/h2>    <\/div>\n<\/div>\n<!-- \/module text -->        <div  data-lazy=\"1\" class=\"module_subrow themify_builder_sub_row tf_w col_align_top tb_col_count_3 tb_ky5a843\">\n                <div  data-lazy=\"1\" class=\"module_column sub_column col3-1 tb_20li844 first\">\n                    <!-- module image -->\n<div  class=\"module module-image tb_i9z7844 image-center   tf_mw wow\" data-tf-animation=\"fadeInLeft\" data-lazy=\"1\">\n        <div class=\"image-wrap tf_rel tf_mw\">\n            <img data-recalc-dims=\"1\" loading=\"lazy\" decoding=\"async\" src=\"Real Estate\" width=\"60\" height=\"69\" class=\"wp-post-image wp-image-109\" title=\"Real Estate.\" alt=\"Inmobiliario\" srcset=\"\" sizes=\"auto, (max-width: 60px) 100vw, 60px\" data-srcset=\"\" \/>    \n        <\/div>\n    <!-- \/image-wrap -->\n    \n        <div class=\"image-content\">\n                    <h3 class=\"image-title\">\n                                    Real Estate.                            <\/h3>\n                    <\/div>\n    <!-- \/image-content -->\n        <\/div>\n<!-- \/module image -->        <\/div>\n                    <div  data-lazy=\"1\" class=\"module_column sub_column col3-1 tb_phvi845\">\n                    <!-- module image -->\n<div  class=\"module module-image tb_idny846 image-center   tf_mw wow\" data-tf-animation=\"fadeInLeft\" data-lazy=\"1\">\n        <div class=\"image-wrap tf_rel tf_mw\">\n            <img data-recalc-dims=\"1\" loading=\"lazy\" decoding=\"async\" src=\"https:\/\/i0.wp.com\/ruizdelhoyoabogado.com\/wp-content\/uploads\/2025\/06\/will-icon.png?resize=60%2C62&#038;ssl=1\" width=\"60\" height=\"62\" class=\"wp-post-image wp-image-104\" title=\"Papership and management\" alt=\"Gestiones\" srcset=\"https:\/\/i0.wp.com\/ruizdelhoyoabogado.com\/wp-content\/uploads\/2025\/06\/will-icon.png?resize=60%2C62&amp;ssl=1 60w, https:\/\/i0.wp.com\/ruizdelhoyoabogado.com\/wp-content\/uploads\/2025\/06\/will-icon.png?w=68&amp;ssl=1 68w\" sizes=\"auto, (max-width: 60px) 100vw, 60px\" \/>    \n        <\/div>\n    <!-- \/image-wrap -->\n    \n        <div class=\"image-content\">\n                    <h3 class=\"image-title\">\n                                    Papership and management                            <\/h3>\n                    <\/div>\n    <!-- \/image-content -->\n        <\/div>\n<!-- \/module image -->        <\/div>\n                    <div  data-lazy=\"1\" class=\"module_column sub_column col3-1 tb_msfv845 last\">\n                    <!-- module image -->\n<div  class=\"module module-image tb_n8nc845 image-center   tf_mw wow\" data-tf-animation=\"fadeInLeft\" data-lazy=\"1\">\n        <div class=\"image-wrap tf_rel tf_mw\">\n            <img data-recalc-dims=\"1\" loading=\"lazy\" decoding=\"async\" src=\"Civil law\" width=\"60\" height=\"73\" class=\"wp-post-image wp-image-124\" title=\"Civil Law\" alt=\"Civil\" srcset=\"\" sizes=\"auto, (max-width: 60px) 100vw, 60px\" data-srcset=\"\" \/>    \n        <\/div>\n    <!-- \/image-wrap -->\n    \n        <div class=\"image-content\">\n                    <h3 class=\"image-title\">\n                                    Civil Law                            <\/h3>\n                    <\/div>\n    <!-- \/image-content -->\n        <\/div>\n<!-- \/module image -->        <\/div>\n                    <\/div>\n                <\/div>\n                        <\/div>\n        <\/div>\n                        <div  data-lazy=\"1\" class=\"module_row themify_builder_row tb_gz0x824 tf_w\">\n                        <div class=\"row_inner col_align_top tb_col_count_1 tf_box tf_rel\">\n                        <div  data-lazy=\"1\" class=\"module_column tb-column col-full tb_pu28848 first\">\n                    <!-- module text -->\n<div  class=\"module module-text tb_v0is849    wow\" data-tf-animation=\"fadeInUp\" data-lazy=\"1\">\n        <div  class=\"tb_text_wrap\">\n        <h2>About my process<\/h2>    <\/div>\n<\/div>\n<!-- \/module text -->        <div  data-lazy=\"1\" class=\"module_subrow themify_builder_sub_row tf_w col_align_top tb_col_count_3 tb_a0ko849\">\n                <div  data-lazy=\"1\" class=\"module_column sub_column col3-1 tb_n6x4849 first\">\n                    <!-- module image -->\n<div  class=\"module module-image tb_66jp850 image-center circle  tf_mw wow\" data-tf-animation=\"fadeInLeft\" data-lazy=\"1\">\n        <div class=\"image-wrap tf_rel tf_mw\">\n            <img data-recalc-dims=\"1\" loading=\"lazy\" decoding=\"async\" src=\"https:\/\/i0.wp.com\/ruizdelhoyoabogado.com\/wp-content\/uploads\/2025\/07\/icon-1.png?resize=70%2C70&#038;ssl=1\" width=\"70\" height=\"70\" class=\"wp-post-image wp-image-221\" title=\"Case analysis \" alt=\"En esta etapa se escuchan las necesidades del cliente  con el fin de establecer un plan de acci\u00f3n.\">    \n        <\/div>\n    <!-- \/image-wrap -->\n    \n        <div class=\"image-content\">\n                    <h3 class=\"image-title\">\n                                    Case analysis                             <\/h3>\n                        <div class=\"image-caption tb_text_wrap\">\n            In this stage  the clients needs are evaluated in order to establish an action plan.        <\/div>\n        <!-- \/image-caption -->\n            <\/div>\n    <!-- \/image-content -->\n        <\/div>\n<!-- \/module image -->        <\/div>\n                    <div  data-lazy=\"1\" class=\"module_column sub_column col3-1 tb_j24e850\">\n                    <!-- module image -->\n<div  class=\"module module-image tb_fy0e850 image-center   tf_mw wow\" data-tf-animation=\"fadeInLeft\" data-lazy=\"1\">\n        <div class=\"image-wrap tf_rel tf_mw\">\n            <img data-recalc-dims=\"1\" loading=\"lazy\" decoding=\"async\" src=\"https:\/\/i0.wp.com\/ruizdelhoyoabogado.com\/wp-content\/uploads\/2025\/07\/icon-2.png?resize=70%2C70&#038;ssl=1\" width=\"70\" height=\"70\" class=\"wp-post-image wp-image-222\" title=\"Planning\" alt=\"Se le presenta al cliente el plan de acci\u00f3n, y junto con \u00e9l se establecen tiempos y costos que generar\u00e1 el caso.\">    \n        <\/div>\n    <!-- \/image-wrap -->\n    \n        <div class=\"image-content\">\n                    <h3 class=\"image-title\">\n                                    Planning                            <\/h3>\n                        <div class=\"image-caption tb_text_wrap\">\n            An action plan is settled alongside with the client, in which timetables and costs are evaluated.        <\/div>\n        <!-- \/image-caption -->\n            <\/div>\n    <!-- \/image-content -->\n        <\/div>\n<!-- \/module image -->        <\/div>\n                    <div  data-lazy=\"1\" class=\"module_column sub_column col3-1 tb_h4gf850 last\">\n                    <!-- module image -->\n<div  class=\"module module-image tb_l233850 image-center   tf_mw wow\" data-tf-animation=\"fadeInLeft\" data-lazy=\"1\">\n        <div class=\"image-wrap tf_rel tf_mw\">\n            <img data-recalc-dims=\"1\" loading=\"lazy\" decoding=\"async\" src=\"https:\/\/i0.wp.com\/ruizdelhoyoabogado.com\/wp-content\/uploads\/2025\/07\/icon-3.png?resize=70%2C70&#038;ssl=1\" width=\"70\" height=\"70\" class=\"wp-post-image wp-image-223\" title=\"Execute\" alt=\"La etapa de ejecuci\u00f3n es la m\u00e1s importante. En ella se define el \u00e9xito del caso.\">    \n        <\/div>\n    <!-- \/image-wrap -->\n    \n        <div class=\"image-content\">\n                    <h3 class=\"image-title\">\n                                    Execute                            <\/h3>\n                        <div class=\"image-caption tb_text_wrap\">\n            The execution stage is the most important. This stage determines the success rate of the case.        <\/div>\n        <!-- \/image-caption -->\n            <\/div>\n    <!-- \/image-content -->\n        <\/div>\n<!-- \/module image -->        <\/div>\n                    <\/div>\n                <\/div>\n                        <\/div>\n        <\/div>\n        <\/div>\n<!--\/themify_builder_content-->","protected":false},"excerpt":{"rendered":"<p>Services<\/p>","protected":false},"author":1,"featured_media":0,"parent":0,"menu_order":0,"comment_status":"closed","ping_status":"closed","template":"","meta":{"om_disable_all_campaigns":false,"_monsterinsights_skip_tracking":false,"_monsterinsights_sitenote_active":false,"_monsterinsights_sitenote_note":"","_monsterinsights_sitenote_category":0,"footnotes":""},"class_list":["post-145","page","type-page","status-publish","hentry","has-post-title","has-post-date","has-post-category","has-post-tag","has-post-comment","has-post-author",""],"aioseo_notices":[],"jetpack_sharing_enabled":true,"builder_content":"<h1>Mis servicios<\/h1>\n<img src=\"https:\/\/ruizdelhoyoabogado.com\/wp-content\/uploads\/2016\/09\/PeopleImages.com-ID1267529-1-1024x683-527x351.jpg\" width=\"527\" height=\"351\" title=\"PeopleImages.com-ID1267529-1\" alt=\"PeopleImages.com-ID1267529-1\" srcset=\"https:\/\/i0.wp.com\/ruizdelhoyoabogado.com\/wp-content\/uploads\/2016\/09\/PeopleImages.com-ID1267529-1.jpg?resize=527%2C351&amp;ssl=1 527w, https:\/\/i0.wp.com\/ruizdelhoyoabogado.com\/wp-content\/uploads\/2016\/09\/PeopleImages.com-ID1267529-1.jpg?resize=300%2C200&amp;ssl=1 300w, https:\/\/i0.wp.com\/ruizdelhoyoabogado.com\/wp-content\/uploads\/2016\/09\/PeopleImages.com-ID1267529-1.jpg?resize=1024%2C683&amp;ssl=1 1024w, https:\/\/i0.wp.com\/ruizdelhoyoabogado.com\/wp-content\/uploads\/2016\/09\/PeopleImages.com-ID1267529-1.jpg?resize=768%2C512&amp;ssl=1 768w, https:\/\/i0.wp.com\/ruizdelhoyoabogado.com\/wp-content\/uploads\/2016\/09\/PeopleImages.com-ID1267529-1.jpg?resize=1536%2C1024&amp;ssl=1 1536w, https:\/\/i0.wp.com\/ruizdelhoyoabogado.com\/wp-content\/uploads\/2016\/09\/PeopleImages.com-ID1267529-1.jpg?w=1689&amp;ssl=1 1689w\" sizes=\"(max-width: 527px) 100vw, 527px\" \/>\n<h5>El \u00e9xito de mis clientes es mi prioridad. Por ello me aseguro de que el servicio brindado no s\u00f3lo sea bien ejecutado, sino que sea de alto valor para mis clientes.<\/h5>\n<a href=\"http:\/\/alvaro@ruizdelhoyoabogado.com\" > platicame tu caso <\/a>\n<h2>Servicios legales y asesor\u00eda en:<\/h2>\n<img src=\"https:\/\/ruizdelhoyoabogado.com\/wp-content\/uploads\/2025\/06\/home-icon-60x69.png\" width=\"60\" height=\"69\" title=\"Inmobiliario\" alt=\"Inmobiliario\" srcset=\"https:\/\/i0.wp.com\/ruizdelhoyoabogado.com\/wp-content\/uploads\/2025\/06\/home-icon.png?resize=60%2C69&amp;ssl=1 60w, https:\/\/i0.wp.com\/ruizdelhoyoabogado.com\/wp-content\/uploads\/2025\/06\/home-icon.png?w=61&amp;ssl=1 61w\" sizes=\"(max-width: 60px) 100vw, 60px\" \/> <h3> Inmobiliario <\/h3>\n<img src=\"https:\/\/ruizdelhoyoabogado.com\/wp-content\/uploads\/2025\/06\/will-icon-60x62.png\" width=\"60\" height=\"62\" title=\"Gestiones\" alt=\"Gestiones\" srcset=\"https:\/\/i0.wp.com\/ruizdelhoyoabogado.com\/wp-content\/uploads\/2025\/06\/will-icon.png?resize=60%2C62&amp;ssl=1 60w, https:\/\/i0.wp.com\/ruizdelhoyoabogado.com\/wp-content\/uploads\/2025\/06\/will-icon.png?w=68&amp;ssl=1 68w\" sizes=\"(max-width: 60px) 100vw, 60px\" \/> <h3> Gestiones <\/h3>\n<img src=\"https:\/\/ruizdelhoyoabogado.com\/wp-content\/uploads\/2025\/06\/law-icon-60x73.png\" width=\"60\" height=\"73\" title=\"Civil\" alt=\"Civil\" srcset=\"https:\/\/i0.wp.com\/ruizdelhoyoabogado.com\/wp-content\/uploads\/2025\/06\/law-icon.png?resize=60%2C73&amp;ssl=1 60w, https:\/\/i0.wp.com\/ruizdelhoyoabogado.com\/wp-content\/uploads\/2025\/06\/law-icon.png?w=58&amp;ssl=1 58w\" sizes=\"(max-width: 60px) 100vw, 60px\" \/> <h3> Civil <\/h3>\n<h2>\u00bfC\u00f3mo es mi proceso?<\/h2>\n<img src=\"https:\/\/ruizdelhoyoabogado.com\/wp-content\/uploads\/2025\/07\/icon-1-70x70.png\" width=\"70\" height=\"70\" title=\"An\u00e1lisis del caso \" alt=\"En esta etapa se escuchan las necesidades del cliente con el fin de establecer un plan de acci\u00f3n.\"> <h3> An\u00e1lisis del caso <\/h3> En esta etapa se escuchan las necesidades del cliente con el fin de establecer un plan de acci\u00f3n.\n<img src=\"https:\/\/ruizdelhoyoabogado.com\/wp-content\/uploads\/2025\/07\/icon-2-70x70.png\" width=\"70\" height=\"70\" title=\"Planeaci\u00f3n\" alt=\"Se le presenta al cliente el plan de acci\u00f3n, y junto con \u00e9l se establecen tiempos y costos que generar\u00e1 el caso.\"> <h3> Planeaci\u00f3n <\/h3> Se le presenta al cliente el plan de acci\u00f3n, y junto con \u00e9l se establecen tiempos y costos que generar\u00e1 el caso.\n<img src=\"https:\/\/ruizdelhoyoabogado.com\/wp-content\/uploads\/2025\/07\/icon-3-70x70.png\" width=\"70\" height=\"70\" title=\"Ejecuci\u00f3n\" alt=\"La etapa de ejecuci\u00f3n es la m\u00e1s importante. En ella se define el \u00e9xito del caso.\"> <h3> Ejecuci\u00f3n <\/h3> La etapa de ejecuci\u00f3n es la m\u00e1s importante. En ella se define el \u00e9xito del caso.","_links":{"self":[{"href":"https:\/\/ruizdelhoyoabogado.com\/en\/wp-json\/wp\/v2\/pages\/145","targetHints":{"allow":["GET"]}}],"collection":[{"href":"https:\/\/ruizdelhoyoabogado.com\/en\/wp-json\/wp\/v2\/pages"}],"about":[{"href":"https:\/\/ruizdelhoyoabogado.com\/en\/wp-json\/wp\/v2\/types\/page"}],"author":[{"embeddable":true,"href":"https:\/\/ruizdelhoyoabogado.com\/en\/wp-json\/wp\/v2\/users\/1"}],"replies":[{"embeddable":true,"href":"https:\/\/ruizdelhoyoabogado.com\/en\/wp-json\/wp\/v2\/comments?post=145"}],"version-history":[{"count":25,"href":"https:\/\/ruizdelhoyoabogado.com\/en\/wp-json\/wp\/v2\/pages\/145\/revisions"}],"predecessor-version":[{"id":458,"href":"https:\/\/ruizdelhoyoabogado.com\/en\/wp-json\/wp\/v2\/pages\/145\/revisions\/458"}],"wp:attachment":[{"href":"https:\/\/ruizdelhoyoabogado.com\/en\/wp-json\/wp\/v2\/media?parent=145"}],"curies":[{"name":"wp","href":"https:\/\/api.w.org\/{rel}","templated":true}]}}